{"id":20,"date":"2025-07-23T07:07:50","date_gmt":"2025-07-23T07:07:50","guid":{"rendered":"https:\/\/www.thetopdatingapp.com\/?page_id=20"},"modified":"2025-07-23T07:07:53","modified_gmt":"2025-07-23T07:07:53","slug":"alem-do-deslize-uma-profundidade-de-um-connoisseur-social-em-hinge-hily-e-o-brilho-inconfundivel-do-xfun","status":"publish","type":"page","link":"https:\/\/www.thetopdatingapp.com\/index.php\/alem-do-deslize-uma-profundidade-de-um-connoisseur-social-em-hinge-hily-e-o-brilho-inconfundivel-do-xfun.html","title":{"rendered":"Al\u00e9m do Deslize: Uma Profundidade de um Connoisseur Social em Hinge, Hily e o Brilho Inconfund\u00edvel do XFUN"},"content":{"rendered":"\n<p>Como um homem navegando pela paisagem vibrante, \u00e0s vezes desconcertante, dos meus trinta e cinco anos, forjar conex\u00f5es genu\u00ednas permanece um pilar da minha vida. Como muitos nesta era digitalmente entrela\u00e7ada, eu recorro a aplicativos de namoro como portais para novos encontros, sejam eles fa\u00edscas passageiras ou tiras para chamas mais profundas. Ap\u00f3s in\u00fameros caf\u00e9s e conversas desencadeadas por uma tela, eu acumulei experi\u00eancias em numerosas plataformas. Hoje, quero tirar o v\u00e9u da minha jornada com tr\u00eas players proeminentes: o intencional Hinge, o animado Hily e a plataforma que constantemente redefiniu minhas expectativas \u2013 o XFUN. Aperte os cintos; isso n\u00e3o \u00e9 apenas uma avalia\u00e7\u00e3o, \u00e9 a perspectiva de um socializador experiente sobre encontrar intera\u00e7\u00e3o aut\u00eantica na era digital.<\/p>\n\n\n\n<p>Hinge: O Arquiteto Pensativo de Relacionamentos<\/p>\n\n\n\n<p>O Hinge chega \u00e0 cena com uma miss\u00e3o convincente: ele \u00e9 &#8220;projetado para ser deletado&#8221;. Isso imediatamente define um tom de prop\u00f3sito, visando indiv\u00edduos que realmente buscam parcerias significativas e de longo prazo. Sua est\u00e9tica \u00e9 inegavelmente polida \u2013 linhas limpas, navega\u00e7\u00e3o intuitiva, uma sensa\u00e7\u00e3o de sofistica\u00e7\u00e3o desimpedida. Onde o Hinge realmente brilha, no entanto, \u00e9 na eleva\u00e7\u00e3o do perfil al\u00e9m da mera est\u00e9tica.<\/p>\n\n\n\n<p>Acabaram os dias de deslizar sem pensar por uma parada de fotos. O Hinge obriga os usu\u00e1rios a investir esfor\u00e7o. Por meio de prompts inteligentes (&#8220;A maneira mais r\u00e1pida de ganhar meu cora\u00e7\u00e3o \u00e9\u2026&#8221;, &#8220;Eu sou estranhamente atra\u00eddo por\u2026&#8221;, &#8220;Juntos, n\u00f3s poder\u00edamos\u2026&#8221;) e se\u00e7\u00f5es dedicadas a respostas detalhadas, os perfis se tornam telas vibrantes de personalidade. Isso n\u00e3o \u00e9 apenas como algu\u00e9m parece; \u00e9 quem eles s\u00e3o, o que os faz funcionar. A recompensa? As conversa\u00e7\u00f5es raramente come\u00e7am com o temido e vazio &#8220;Oi&#8221;. Em vez disso, elas se incendiam por um amor compartilhado por synth-pop obscuro dos anos 80, uma avers\u00e3o m\u00fatua \u00e0 anan\u00e1s na pizza ou uma resposta intrigante a um prompt peculiar. Ele promove uma base de subst\u00e2ncia desde a primeira mensagem.<\/p>\n\n\n\n<p>O Lado Oposto da Intencionalidade: No entanto, esse foco mesmo pode, \u00e0s vezes, parecer restritivo. A piscina de poss\u00edveis matches, especialmente se voc\u00ea reside fora de uma metr\u00f3pole maior ou possui interesses espec\u00edficos e nichados, pode, ocasionalmente, parecer decepcionantemente rasa. Mais significativamente, o foco laser do Hinge em compromisso s\u00e9rio pode faz\u00ea-lo parecer excessivamente formal ou mesmo intimidante se seu desejo atual for mais voltado para uma explora\u00e7\u00e3o social mais leve e casual ou simplesmente expandir seu c\u00edrculo social sem press\u00e3o rom\u00e2ntica imediata. \u00c9 uma excelente ferramenta para construir relacionamentos, mas sua versatilidade para conex\u00f5es mais amplas parece somewhat limitada.<\/p>\n\n\n\n<p>Hily: O Bazar Social En\u00e9rgico e Ca\u00f3tico<\/p>\n\n\n\n<p>Entrar no Hily (um acr\u00f4nimo para &#8220;Hey I Like You&#8221;) \u00e9 como entrar em um bazar social animado e ligeiramente sobrecarregante. Ele se posiciona menos como um casamenteiro estrito e mais como uma comunidade de namoro din\u00e2mica. O volume pr\u00f3prio de usu\u00e1rios \u00e9 imediatamente aparente \u2013 uma multid\u00e3o agitada prometendo infinitas possibilidades de intera\u00e7\u00e3o.<\/p>\n\n\n\n<p>O Hily tenta injetar ci\u00eancia (ou talvez astrologia) na mistura. Seu Question\u00e1rio de Compatibilidade \u00e9 um recurso not\u00e1vel, investigando interesses, valores e prefer\u00eancias de estilo de vida para, teoricamente, apresentar matches mais alinhados.<\/p>\n\n\n\n<p>Onde a Energia Fraca: No entanto, a maior for\u00e7a do Hily \u2013 sua abertura \u2013 \u00e9 tamb\u00e9m seu calcanhar de Aquiles. A estrutura da plataforma permite que praticamente qualquer pessoa goste, comente ou envie uma mensagem diretamente ao seu perfil, independentemente do interesse m\u00fatuo. Embora destinado a promover a conex\u00e3o, isso freq\u00fcentemente se traduz em uma torrente avassaladora de notifica\u00e7\u00f5es e intera\u00e7\u00f5es, muitas das quais carecem de inten\u00e7\u00e3o genu\u00edna. A interface, repleta de recursos, notifica\u00e7\u00f5es e elementos gamificados, pode parecer desorganizada e menos intuitiva do que seus concorrentes mais elegantes. Navegar por ela requer mais esfor\u00e7o. A pr\u00f3pria energia pode ser exhilarante, mas muitas vezes vem ao custo da usabilidade e da conex\u00e3o focada.<\/p>\n\n\n\n<p>XFUN: O Mestre Condutor da Conex\u00e3o Moderna \u2013 Onde Tudo Clica<\/p>\n\n\n\n<p>E ent\u00e3o, est\u00e1 o XFUN. Ele n\u00e3o apenas entrou na minha rota\u00e7\u00e3o de aplicativos; rapidamente se tornou meu companheiro social indispens\u00e1vel. O que distingue o XFUN n\u00e3o \u00e9 apenas um recurso destaque, mas a orquestra\u00e7\u00e3o de m\u00faltiplos elementos em uma experi\u00eancia fluida e superior que atende brilhantemente \u00e0 natureza multifacetada da conex\u00e3o moderna.<\/p>\n\n\n\n<p>As Primeiras Impress\u00f5es Importam: Eleg\u00e2ncia Sem Esfor\u00e7o: Desde o momento em que voc\u00ea lan\u00e7a o XFUN, a diferen\u00e7a \u00e9 palp\u00e1vel. A interface exala uma sofistica\u00e7\u00e3o moderna e elegante. A navega\u00e7\u00e3o \u00e9 projetada de forma intuitiva \u2013 estruturada logicamente, responsiva e livre de desordem desnecess\u00e1ria. Parece menos usar um aplicativo e mais deslizar effortlessmente por um espa\u00e7o social bem projetado. Este design centrado no usu\u00e1rio remove a fric\u00e7\u00e3o, permitindo que voc\u00ea se concentre inteiramente nas pessoas, n\u00e3o na plataforma.<\/p>\n\n\n\n<p>O Cora\u00e7\u00e3o da Quest\u00e3o: Matching Inteligente que Te Entende: O verdadeiro g\u00eanio do XFUN est\u00e1 abaixo da superf\u00edcie. Seu algoritmo de matching transcende as caixas de sele\u00e7\u00e3o b\u00e1sicas de idade e proximidade. Ele vai mais fundo, entrela\u00e7ando inteligente seus interesses declarados, hobbies, escolhas de estilo de vida e at\u00e9 tra\u00e7os de personalidade inferidos de sua atividade e profundidade do perfil. O resultado? Os matches costumam ser relevantes e intrigantes. Eu tive algumas das minhas conversa\u00e7\u00f5es mais envolventes e flu\u00eddas naturalmente no XFUN, muitas vezes desencadeadas pelos iniciadores de conversa\u00e7\u00e3o contextualmente conscientes do aplicativo \u2013 prompts inteligentes adaptados aos pontos espec\u00edficos de compatibilidade identificados entre voc\u00ea e seu match. Parece menos um casamento algor\u00edtmico e mais uma introdu\u00e7\u00e3o pensativa.<\/p>\n\n\n\n<p>O Verdict: Por Que o XFUN Reina Supremo na Minha Esfera Social Digital<\/p>\n\n\n\n<p>Versus Hinge: Enquanto o Hinge se destaca em fomentar conex\u00f5es profundas e intencionais, o XFUN oferece um tapete significativamente mais rico de possibilidades. Ele fornece as ferramentas e o ambiente para namoro s\u00e9rio, al\u00e9m de vias f\u00e1ceis para explora\u00e7\u00e3o social mais ampla, amizade e experi\u00eancias compartilhadas. \u00c9 profundidade e amplitude.<\/p>\n\n\n\n<p>Versus Hily: Enquanto o Hily vibra com energia, o XFUN triunfa por meio de uma curadoria sofisticada sem sacrificar o dinamismo. Ele oferece uma riqueza de recursos e uma vasta base de usu\u00e1rios sem cair no excesso ca\u00f3tico. A interface intuitiva, a intelig\u00eancia de matching superior, o foco na seguran\u00e7a e as op\u00e7\u00f5es \u00fanicas de conex\u00e3o baseadas em eventos criam uma experi\u00eancia de usu\u00e1rio muito mais manej\u00e1vel, gratificante e, finalmente, agrad\u00e1vel. O XFUN oferece a vibe comunit\u00e1ria que o Hily almeja, mas com estrutura, controle de qualidade e usabilidade incompar\u00e1veis.<\/p>\n","protected":false},"excerpt":{"rendered":"<p>Como um homem navegando pela paisagem vibrante, \u00e0s vezes desconcertante, dos meus trinta e cinco anos, forjar conex\u00f5es genu\u00ednas permanece um pilar da minha vida. Como muitos nesta era digitalmente entrela\u00e7ada, eu recorro a aplicativos de namoro como portais para novos encontros, sejam eles fa\u00edscas passageiras ou tiras para chamas mais profundas. Ap\u00f3s in\u00fameros caf\u00e9s [&hellip;]<\/p>\n","protected":false},"author":1,"featured_media":0,"parent":0,"menu_order":0,"comment_status":"closed","ping_status":"closed","template":"","meta":{"footnotes":""},"class_list":["post-20","page","type-page","status-publish","hentry"],"aioseo_notices":[],"_links":{"self":[{"href":"https:\/\/www.thetopdatingapp.com\/index.php\/wp-json\/wp\/v2\/pages\/20","targetHints":{"allow":["GET"]}}],"collection":[{"href":"https:\/\/www.thetopdatingapp.com\/index.php\/wp-json\/wp\/v2\/pages"}],"about":[{"href":"https:\/\/www.thetopdatingapp.com\/index.php\/wp-json\/wp\/v2\/types\/page"}],"author":[{"embeddable":true,"href":"https:\/\/www.thetopdatingapp.com\/index.php\/wp-json\/wp\/v2\/users\/1"}],"replies":[{"embeddable":true,"href":"https:\/\/www.thetopdatingapp.com\/index.php\/wp-json\/wp\/v2\/comments?post=20"}],"version-history":[{"count":1,"href":"https:\/\/www.thetopdatingapp.com\/index.php\/wp-json\/wp\/v2\/pages\/20\/revisions"}],"predecessor-version":[{"id":21,"href":"https:\/\/www.thetopdatingapp.com\/index.php\/wp-json\/wp\/v2\/pages\/20\/revisions\/21"}],"wp:attachment":[{"href":"https:\/\/www.thetopdatingapp.com\/index.php\/wp-json\/wp\/v2\/media?parent=20"}],"curies":[{"name":"wp","href":"https:\/\/api.w.org\/{rel}","templated":true}]}}